{"id":14,"date":"2018-09-17T04:06:51","date_gmt":"2018-09-17T02:06:51","guid":{"rendered":"https:\/\/white-rock-demo.progressionstudios.com\/?page_id=14"},"modified":"2026-02-14T05:43:15","modified_gmt":"2026-02-14T04:43:15","slug":"nos-produits","status":"publish","type":"page","link":"https:\/\/domainedevodanis.com\/vodanis\/index.php\/accueil\/nos-produits\/","title":{"rendered":"Nos produits"},"content":{"rendered":"\t\t<div data-elementor-type=\"wp-post\" data-elementor-id=\"14\" class=\"elementor elementor-14\">\n\t\t\t\t\t\t<section class=\"elementor-section elementor-top-section elementor-element elementor-element-3e6a385 elementor-section-boxed elementor-section-height-default elementor-section-height-default\" data-id=\"3e6a385\" data-element_type=\"section\">\n\t\t\t\t\t\t<div class=\"elementor-container elementor-column-gap-wide\">\n\t\t\t\t\t<div class=\"elementor-column elementor-col-50 elementor-top-column elementor-element elementor-element-24880856\" data-id=\"24880856\" data-element_type=\"column\">\n\t\t\t<div class=\"elementor-widget-wrap elementor-element-populated\">\n\t\t\t\t\t\t<div class=\"elementor-element elementor-element-79283109 elementor-widget elementor-widget-image\" data-id=\"79283109\" data-element_type=\"widget\" data-widget_type=\"image.default\">\n\t\t\t\t<div class=\"elementor-widget-container\">\n\t\t\t\t\t\t\t\t\t\t\t\t\t\t<a href=\"http:\/\/www.domainedevodanis.com\/vodanis\/index.php\/les-nature\">\n\t\t\t\t\t\t\t<img fetchpriority=\"high\" decoding=\"async\" width=\"800\" height=\"600\" src=\"https:\/\/domainedevodanis.com\/vodanis\/wp-content\/uploads\/2019\/05\/contenu-cle-usb-salon-004.jpg\" class=\"attachment-large size-large wp-image-583\" alt=\"\" srcset=\"https:\/\/domainedevodanis.com\/vodanis\/wp-content\/uploads\/2019\/05\/contenu-cle-usb-salon-004.jpg 800w, https:\/\/domainedevodanis.com\/vodanis\/wp-content\/uploads\/2019\/05\/contenu-cle-usb-salon-004-300x225.jpg 300w, https:\/\/domainedevodanis.com\/vodanis\/wp-content\/uploads\/2019\/05\/contenu-cle-usb-salon-004-768x576.jpg 768w\" sizes=\"(max-width: 800px) 100vw, 800px\" \/>\t\t\t\t\t\t\t\t<\/a>\n\t\t\t\t\t\t\t\t\t\t\t\t\t<\/div>\n\t\t\t\t<\/div>\n\t\t\t\t<section class=\"elementor-section elementor-inner-section elementor-element elementor-element-46ce1288 elementor-section-boxed elementor-section-height-default elementor-section-height-default\" data-id=\"46ce1288\" data-element_type=\"section\" data-settings=\"{&quot;background_background&quot;:&quot;classic&quot;}\">\n\t\t\t\t\t\t<div class=\"elementor-container elementor-column-gap-default\">\n\t\t\t\t\t<div class=\"elementor-column elementor-col-100 elementor-inner-column elementor-element elementor-element-35c88e00\" data-id=\"35c88e00\" data-element_type=\"column\">\n\t\t\t<div class=\"elementor-widget-wrap elementor-element-populated\">\n\t\t\t\t\t\t<div class=\"elementor-element elementor-element-5ebeefb7 elementor-widget elementor-widget-heading\" data-id=\"5ebeefb7\" data-element_type=\"widget\" data-widget_type=\"heading.default\">\n\t\t\t\t<div class=\"elementor-widget-container\">\n\t\t\t<h2 class=\"elementor-heading-title elementor-size-default\"><a href=\"http:\/\/www.domainedevodanis.com\/vodanis\/index.php\/les-nature\">Les \"Nature\"<\/a><\/h2>\t\t<\/div>\n\t\t\t\t<\/div>\n\t\t\t\t<div class=\"elementor-element elementor-element-4890328c elementor-widget elementor-widget-heading\" data-id=\"4890328c\" data-element_type=\"widget\" data-widget_type=\"heading.default\">\n\t\t\t\t<div class=\"elementor-widget-container\">\n\t\t\t<h5 class=\"elementor-heading-title elementor-size-default\"><a href=\"http:\/\/www.domainedevodanis.com\/vodanis\/index.php\/les-nature\">Sec, Demi-sec, Moelleux, rouge Cabernet<\/a><\/h5>\t\t<\/div>\n\t\t\t\t<\/div>\n\t\t\t\t<div class=\"elementor-element elementor-element-757369fd elementor-widget elementor-widget-text-editor\" data-id=\"757369fd\" data-element_type=\"widget\" data-widget_type=\"text-editor.default\">\n\t\t\t\t<div class=\"elementor-widget-container\">\n\t\t\t\t\t\t\t<p>Vin vif et frais avec une grande richesse aromatique. Une note min\u00e9rale est assez fr\u00e9quente. Un bel \u00e9quilibre entre douceur et fra\u00eecheur, une texture soyeuse qui garde de la vivacit\u00e9.<\/p>\t\t\t\t\t\t<\/div>\n\t\t\t\t<\/div>\n\t\t\t\t\t<\/div>\n\t\t<\/div>\n\t\t\t\t\t<\/div>\n\t\t<\/section>\n\t\t\t\t\t<\/div>\n\t\t<\/div>\n\t\t\t\t<div class=\"elementor-column elementor-col-50 elementor-top-column elementor-element elementor-element-4ecf17fd\" data-id=\"4ecf17fd\" data-element_type=\"column\">\n\t\t\t<div class=\"elementor-widget-wrap elementor-element-populated\">\n\t\t\t\t\t\t<div class=\"elementor-element elementor-element-73a328a5 elementor-widget elementor-widget-image\" data-id=\"73a328a5\" data-element_type=\"widget\" data-widget_type=\"image.default\">\n\t\t\t\t<div class=\"elementor-widget-container\">\n\t\t\t\t\t\t\t\t\t\t\t\t\t\t<a href=\"http:\/\/www.domainedevodanis.com\/vodanis\/index.php\/les-fines-bulles\">\n\t\t\t\t\t\t\t<img decoding=\"async\" width=\"800\" height=\"600\" src=\"https:\/\/domainedevodanis.com\/vodanis\/wp-content\/uploads\/2019\/05\/contenu-cle-usb-salon-059.jpg\" class=\"attachment-full size-full wp-image-697\" alt=\"\" srcset=\"https:\/\/domainedevodanis.com\/vodanis\/wp-content\/uploads\/2019\/05\/contenu-cle-usb-salon-059.jpg 800w, https:\/\/domainedevodanis.com\/vodanis\/wp-content\/uploads\/2019\/05\/contenu-cle-usb-salon-059-300x225.jpg 300w, https:\/\/domainedevodanis.com\/vodanis\/wp-content\/uploads\/2019\/05\/contenu-cle-usb-salon-059-768x576.jpg 768w\" sizes=\"(max-width: 800px) 100vw, 800px\" \/>\t\t\t\t\t\t\t\t<\/a>\n\t\t\t\t\t\t\t\t\t\t\t\t\t<\/div>\n\t\t\t\t<\/div>\n\t\t\t\t<section class=\"elementor-section elementor-inner-section elementor-element elementor-element-118190af elementor-section-boxed elementor-section-height-default elementor-section-height-default\" data-id=\"118190af\" data-element_type=\"section\" data-settings=\"{&quot;background_background&quot;:&quot;classic&quot;}\">\n\t\t\t\t\t\t<div class=\"elementor-container elementor-column-gap-default\">\n\t\t\t\t\t<div class=\"elementor-column elementor-col-100 elementor-inner-column elementor-element elementor-element-66a6a2a\" data-id=\"66a6a2a\" data-element_type=\"column\">\n\t\t\t<div class=\"elementor-widget-wrap elementor-element-populated\">\n\t\t\t\t\t\t<div class=\"elementor-element elementor-element-beb53a7 elementor-widget elementor-widget-heading\" data-id=\"beb53a7\" data-element_type=\"widget\" data-widget_type=\"heading.default\">\n\t\t\t\t<div class=\"elementor-widget-container\">\n\t\t\t<h2 class=\"elementor-heading-title elementor-size-default\"><a href=\"http:\/\/www.domainedevodanis.com\/vodanis\/index.php\/les-fines-bulles\">les \"Fines bulles\" <\/a><\/h2>\t\t<\/div>\n\t\t\t\t<\/div>\n\t\t\t\t<div class=\"elementor-element elementor-element-4fb47721 elementor-widget elementor-widget-heading\" data-id=\"4fb47721\" data-element_type=\"widget\" data-widget_type=\"heading.default\">\n\t\t\t\t<div class=\"elementor-widget-container\">\n\t\t\t<h5 class=\"elementor-heading-title elementor-size-default\"><a href=\"http:\/\/www.domainedevodanis.com\/vodanis\/index.php\/les-fines-bulles\">M\u00e9thode traditionnelle<\/a><\/h5>\t\t<\/div>\n\t\t\t\t<\/div>\n\t\t\t\t<div class=\"elementor-element elementor-element-45f01c4 elementor-widget elementor-widget-text-editor\" data-id=\"45f01c4\" data-element_type=\"widget\" data-widget_type=\"text-editor.default\">\n\t\t\t\t<div class=\"elementor-widget-container\">\n\t\t\t\t\t\t\t<p>L\u2019effervescence est d\u00e9licate. Le vin est vif, il a de l\u2019harmonie, du caract\u00e8re et beaucoup de fra\u00eecheur. La gamme \u00ab\u00a0Pagus\u00a0\u00bb compl\u00e8te \u00e0 la mani\u00e8re d&rsquo;autrefois ce p\u00e9tillant naturel d&rsquo;excellente composition. <\/p>\t\t\t\t\t\t<\/div>\n\t\t\t\t<\/div>\n\t\t\t\t\t<\/div>\n\t\t<\/div>\n\t\t\t\t\t<\/div>\n\t\t<\/section>\n\t\t\t\t\t<\/div>\n\t\t<\/div>\n\t\t\t\t\t<\/div>\n\t\t<\/section>\n\t\t\t\t<section class=\"elementor-section elementor-top-section elementor-element elementor-element-398bac32 elementor-section-boxed elementor-section-height-default elementor-section-height-default\" data-id=\"398bac32\" data-element_type=\"section\">\n\t\t\t\t\t\t<div class=\"elementor-container elementor-column-gap-wide\">\n\t\t\t\t\t<div class=\"elementor-column elementor-col-33 elementor-top-column elementor-element elementor-element-318adb9f\" data-id=\"318adb9f\" data-element_type=\"column\">\n\t\t\t<div class=\"elementor-widget-wrap elementor-element-populated\">\n\t\t\t\t\t\t<div class=\"elementor-element elementor-element-55dbed64 elementor-widget elementor-widget-image\" data-id=\"55dbed64\" data-element_type=\"widget\" data-widget_type=\"image.default\">\n\t\t\t\t<div class=\"elementor-widget-container\">\n\t\t\t\t\t\t\t\t\t\t\t\t\t\t<a href=\"http:\/\/www.domainedevodanis.com\/vodanis\/index.php\/liste-des-prix\">\n\t\t\t\t\t\t\t<img decoding=\"async\" width=\"876\" height=\"129\" src=\"https:\/\/domainedevodanis.com\/vodanis\/wp-content\/uploads\/2019\/05\/Tirebouchon-rouge.png\" class=\"attachment-large size-large wp-image-645\" alt=\"\" srcset=\"https:\/\/domainedevodanis.com\/vodanis\/wp-content\/uploads\/2019\/05\/Tirebouchon-rouge.png 876w, https:\/\/domainedevodanis.com\/vodanis\/wp-content\/uploads\/2019\/05\/Tirebouchon-rouge-300x44.png 300w, https:\/\/domainedevodanis.com\/vodanis\/wp-content\/uploads\/2019\/05\/Tirebouchon-rouge-768x113.png 768w\" sizes=\"(max-width: 876px) 100vw, 876px\" \/>\t\t\t\t\t\t\t\t<\/a>\n\t\t\t\t\t\t\t\t\t\t\t\t\t<\/div>\n\t\t\t\t<\/div>\n\t\t\t\t<section class=\"elementor-section elementor-inner-section elementor-element elementor-element-4a8e4d2c elementor-section-boxed elementor-section-height-default elementor-section-height-default\" data-id=\"4a8e4d2c\" data-element_type=\"section\" data-settings=\"{&quot;background_background&quot;:&quot;classic&quot;}\">\n\t\t\t\t\t\t<div class=\"elementor-container elementor-column-gap-default\">\n\t\t\t\t\t<div class=\"elementor-column elementor-col-100 elementor-inner-column elementor-element elementor-element-5439a395\" data-id=\"5439a395\" data-element_type=\"column\">\n\t\t\t<div class=\"elementor-widget-wrap elementor-element-populated\">\n\t\t\t\t\t\t<div class=\"elementor-element elementor-element-275fbae6 elementor-widget elementor-widget-heading\" data-id=\"275fbae6\" data-element_type=\"widget\" data-widget_type=\"heading.default\">\n\t\t\t\t<div class=\"elementor-widget-container\">\n\t\t\t<h2 class=\"elementor-heading-title elementor-size-default\"><a href=\"http:\/\/www.domainedevodanis.com\/vodanis\/index.php\/liste-des-prix\">Divers<\/a><\/h2>\t\t<\/div>\n\t\t\t\t<\/div>\n\t\t\t\t<div class=\"elementor-element elementor-element-4b1cdb0 elementor-widget elementor-widget-heading\" data-id=\"4b1cdb0\" data-element_type=\"widget\" data-widget_type=\"heading.default\">\n\t\t\t\t<div class=\"elementor-widget-container\">\n\t\t\t<h5 class=\"elementor-heading-title elementor-size-default\"><a href=\"http:\/\/www.domainedevodanis.com\/vodanis\/index.php\/liste-des-prix\">Autres produits<\/a><\/h5>\t\t<\/div>\n\t\t\t\t<\/div>\n\t\t\t\t<div class=\"elementor-element elementor-element-62163786 elementor-widget elementor-widget-text-editor\" data-id=\"62163786\" data-element_type=\"widget\" data-widget_type=\"text-editor.default\">\n\t\t\t\t<div class=\"elementor-widget-container\">\n\t\t\t\t\t\t\t<p>A d\u00e9couvrir lors de votre visite au domaine !<\/p><p>\u00a0<\/p>\t\t\t\t\t\t<\/div>\n\t\t\t\t<\/div>\n\t\t\t\t\t<\/div>\n\t\t<\/div>\n\t\t\t\t\t<\/div>\n\t\t<\/section>\n\t\t\t\t\t<\/div>\n\t\t<\/div>\n\t\t\t\t<div class=\"elementor-column elementor-col-33 elementor-top-column elementor-element elementor-element-57fca840\" data-id=\"57fca840\" data-element_type=\"column\">\n\t\t\t<div class=\"elementor-widget-wrap elementor-element-populated\">\n\t\t\t\t\t\t<div class=\"elementor-element elementor-element-ba4b0aa elementor-widget elementor-widget-image\" data-id=\"ba4b0aa\" data-element_type=\"widget\" data-widget_type=\"image.default\">\n\t\t\t\t<div class=\"elementor-widget-container\">\n\t\t\t\t\t\t\t\t\t\t\t\t\t\t<a href=\"https:\/\/www.domainedevodanis.com\/vodanis\">\n\t\t\t\t\t\t\t<img loading=\"lazy\" decoding=\"async\" width=\"625\" height=\"375\" src=\"https:\/\/domainedevodanis.com\/vodanis\/wp-content\/uploads\/2019\/05\/LogoVodanis.png\" class=\"attachment-large size-large wp-image-621\" alt=\"\" srcset=\"https:\/\/domainedevodanis.com\/vodanis\/wp-content\/uploads\/2019\/05\/LogoVodanis.png 625w, https:\/\/domainedevodanis.com\/vodanis\/wp-content\/uploads\/2019\/05\/LogoVodanis-300x180.png 300w\" sizes=\"(max-width: 625px) 100vw, 625px\" \/>\t\t\t\t\t\t\t\t<\/a>\n\t\t\t\t\t\t\t\t\t\t\t\t\t<\/div>\n\t\t\t\t<\/div>\n\t\t\t\t\t<\/div>\n\t\t<\/div>\n\t\t\t\t<div class=\"elementor-column elementor-col-33 elementor-top-column elementor-element elementor-element-51c4ac5a\" data-id=\"51c4ac5a\" data-element_type=\"column\">\n\t\t\t<div class=\"elementor-widget-wrap\">\n\t\t\t\t\t\t\t<\/div>\n\t\t<\/div>\n\t\t\t\t\t<\/div>\n\t\t<\/section>\n\t\t\t\t<\/div>\n\t\t","protected":false},"excerpt":{"rendered":"<p>Les \u00ab\u00a0Nature\u00a0\u00bb Sec, Demi-sec, Moelleux, rouge Cabernet Vin vif et frais avec une grande richesse aromatique. Une note min\u00e9rale est assez fr\u00e9quente. Un bel \u00e9quilibre entre douceur et fra\u00eecheur, une texture soyeuse qui garde de la vivacit\u00e9. les \u00ab\u00a0Fines bulles\u00a0\u00bb M\u00e9thode traditionnelle L\u2019effervescence est d\u00e9licate. Le vin est vif, il a de l\u2019harmonie, du caract\u00e8re [&hellip;]<\/p>\n","protected":false},"author":1,"featured_media":0,"parent":8,"menu_order":0,"comment_status":"closed","ping_status":"closed","template":"","meta":{"footnotes":""},"class_list":["post-14","page","type-page","status-publish","hentry"],"_links":{"self":[{"href":"https:\/\/domainedevodanis.com\/vodanis\/index.php\/wp-json\/wp\/v2\/pages\/14","targetHints":{"allow":["GET"]}}],"collection":[{"href":"https:\/\/domainedevodanis.com\/vodanis\/index.php\/wp-json\/wp\/v2\/pages"}],"about":[{"href":"https:\/\/domainedevodanis.com\/vodanis\/index.php\/wp-json\/wp\/v2\/types\/page"}],"author":[{"embeddable":true,"href":"https:\/\/domainedevodanis.com\/vodanis\/index.php\/wp-json\/wp\/v2\/users\/1"}],"replies":[{"embeddable":true,"href":"https:\/\/domainedevodanis.com\/vodanis\/index.php\/wp-json\/wp\/v2\/comments?post=14"}],"version-history":[{"count":65,"href":"https:\/\/domainedevodanis.com\/vodanis\/index.php\/wp-json\/wp\/v2\/pages\/14\/revisions"}],"predecessor-version":[{"id":2409,"href":"https:\/\/domainedevodanis.com\/vodanis\/index.php\/wp-json\/wp\/v2\/pages\/14\/revisions\/2409"}],"up":[{"embeddable":true,"href":"https:\/\/domainedevodanis.com\/vodanis\/index.php\/wp-json\/wp\/v2\/pages\/8"}],"wp:attachment":[{"href":"https:\/\/domainedevodanis.com\/vodanis\/index.php\/wp-json\/wp\/v2\/media?parent=14"}],"curies":[{"name":"wp","href":"https:\/\/api.w.org\/{rel}","templated":true}]}}