{"id":422,"date":"2019-05-08T12:25:32","date_gmt":"2019-05-08T10:25:32","guid":{"rendered":"http:\/\/domainedevodanis.com\/vodanis\/?page_id=422"},"modified":"2025-01-11T16:29:50","modified_gmt":"2025-01-11T15:29:50","slug":"pagus-vaudanum","status":"publish","type":"page","link":"https:\/\/domainedevodanis.com\/vodanis\/index.php\/pagus-vaudanum\/","title":{"rendered":"Pagus Vaudanum"},"content":{"rendered":"\t\t<div data-elementor-type=\"wp-post\" data-elementor-id=\"422\" class=\"elementor elementor-422\">\n\t\t\t\t\t\t<section class=\"elementor-section elementor-top-section elementor-element elementor-element-5318a438 elementor-section-boxed elementor-section-height-default elementor-section-height-default\" data-id=\"5318a438\" data-element_type=\"section\">\n\t\t\t\t\t\t<div class=\"elementor-container elementor-column-gap-default\">\n\t\t\t\t\t<div class=\"elementor-column elementor-col-50 elementor-top-column elementor-element elementor-element-43cc8e50\" data-id=\"43cc8e50\" data-element_type=\"column\">\n\t\t\t<div class=\"elementor-widget-wrap elementor-element-populated\">\n\t\t\t\t\t\t<div class=\"elementor-element elementor-element-2f867639 elementor-widget elementor-widget-heading\" data-id=\"2f867639\" data-element_type=\"widget\" data-widget_type=\"heading.default\">\n\t\t\t\t<div class=\"elementor-widget-container\">\n\t\t\t<h2 class=\"elementor-heading-title elementor-size-default\">A.O.C Vouvray 75 cl <br> M\u00e9thode traditionnelle\n<\/h2>\t\t<\/div>\n\t\t\t\t<\/div>\n\t\t\t\t<div class=\"elementor-element elementor-element-6563bb26 elementor-widget-divider--view-line elementor-widget elementor-widget-divider\" data-id=\"6563bb26\" data-element_type=\"widget\" data-widget_type=\"divider.default\">\n\t\t\t\t<div class=\"elementor-widget-container\">\n\t\t\t\t\t<div class=\"elementor-divider\">\n\t\t\t<span class=\"elementor-divider-separator\">\n\t\t\t\t\t\t<\/span>\n\t\t<\/div>\n\t\t\t\t<\/div>\n\t\t\t\t<\/div>\n\t\t\t\t<section class=\"elementor-section elementor-inner-section elementor-element elementor-element-7171119 elementor-section-content-middle elementor-section-boxed elementor-section-height-default elementor-section-height-default\" data-id=\"7171119\" data-element_type=\"section\">\n\t\t\t\t\t\t<div class=\"elementor-container elementor-column-gap-no\">\n\t\t\t\t\t<div class=\"elementor-column elementor-col-33 elementor-inner-column elementor-element elementor-element-3581dc7\" data-id=\"3581dc7\" data-element_type=\"column\">\n\t\t\t<div class=\"elementor-widget-wrap elementor-element-populated\">\n\t\t\t\t\t\t<div class=\"elementor-element elementor-element-14e7d92b elementor-widget elementor-widget-image\" data-id=\"14e7d92b\" data-element_type=\"widget\" data-widget_type=\"image.default\">\n\t\t\t\t<div class=\"elementor-widget-container\">\n\t\t\t\t\t\t\t\t\t\t\t\t\t<img decoding=\"async\" width=\"229\" height=\"162\" src=\"https:\/\/domainedevodanis.com\/vodanis\/wp-content\/uploads\/2019\/05\/Etiquette-PagusTrad.png\" class=\"attachment-large size-large wp-image-634\" alt=\"\" \/>\t\t\t\t\t\t\t\t\t\t\t\t\t<\/div>\n\t\t\t\t<\/div>\n\t\t\t\t\t<\/div>\n\t\t<\/div>\n\t\t\t\t<div class=\"elementor-column elementor-col-33 elementor-inner-column elementor-element elementor-element-307bb2c9\" data-id=\"307bb2c9\" data-element_type=\"column\">\n\t\t\t<div class=\"elementor-widget-wrap elementor-element-populated\">\n\t\t\t\t\t\t<div class=\"elementor-element elementor-element-1284f3eb elementor-widget elementor-widget-heading\" data-id=\"1284f3eb\" data-element_type=\"widget\" data-widget_type=\"heading.default\">\n\t\t\t\t<div class=\"elementor-widget-container\">\n\t\t\t<h2 class=\"elementor-heading-title elementor-size-default\">Pagus Ancestrale 2015 \"fines bulles\"\n<\/h2>\t\t<\/div>\n\t\t\t\t<\/div>\n\t\t\t\t<div class=\"elementor-element elementor-element-712d988 elementor-widget elementor-widget-text-editor\" data-id=\"712d988\" data-element_type=\"widget\" data-widget_type=\"text-editor.default\">\n\t\t\t\t<div class=\"elementor-widget-container\">\n\t\t\t\t\t\t\t<p>Vin \u00e0 la mani\u00e8re d&rsquo;autrefois. P\u00e9tillant naturel.<\/p><p>Excellente mise en bouche !\u00a0<\/p><p><strong>M\u00e9daille d&rsquo;or Vignerons Ind\u00e9pendants 2023<\/strong><\/p>\t\t\t\t\t\t<\/div>\n\t\t\t\t<\/div>\n\t\t\t\t\t<\/div>\n\t\t<\/div>\n\t\t\t\t<div class=\"elementor-column elementor-col-33 elementor-inner-column elementor-element elementor-element-22d2c181\" data-id=\"22d2c181\" data-element_type=\"column\">\n\t\t\t<div class=\"elementor-widget-wrap elementor-element-populated\">\n\t\t\t\t\t\t<div class=\"elementor-element elementor-element-e4a39bb elementor-widget elementor-widget-heading\" data-id=\"e4a39bb\" data-element_type=\"widget\" data-widget_type=\"heading.default\">\n\t\t\t\t<div class=\"elementor-widget-container\">\n\t\t\t<h2 class=\"elementor-heading-title elementor-size-default\">18,50\u20ac<\/h2>\t\t<\/div>\n\t\t\t\t<\/div>\n\t\t\t\t\t<\/div>\n\t\t<\/div>\n\t\t\t\t\t<\/div>\n\t\t<\/section>\n\t\t\t\t<section class=\"elementor-section elementor-inner-section elementor-element elementor-element-5f69899 elementor-section-content-middle elementor-section-boxed elementor-section-height-default elementor-section-height-default\" data-id=\"5f69899\" data-element_type=\"section\">\n\t\t\t\t\t\t<div class=\"elementor-container elementor-column-gap-no\">\n\t\t\t\t\t<div class=\"elementor-column elementor-col-33 elementor-inner-column elementor-element elementor-element-5307da4\" data-id=\"5307da4\" data-element_type=\"column\">\n\t\t\t<div class=\"elementor-widget-wrap elementor-element-populated\">\n\t\t\t\t\t\t<div class=\"elementor-element elementor-element-c7cfb06 elementor-widget elementor-widget-image\" data-id=\"c7cfb06\" data-element_type=\"widget\" data-widget_type=\"image.default\">\n\t\t\t\t<div class=\"elementor-widget-container\">\n\t\t\t\t\t\t\t\t\t\t\t\t\t<img decoding=\"async\" width=\"229\" height=\"162\" src=\"https:\/\/domainedevodanis.com\/vodanis\/wp-content\/uploads\/2019\/05\/Etiquette-PagusTrad.png\" class=\"attachment-large size-large wp-image-634\" alt=\"\" \/>\t\t\t\t\t\t\t\t\t\t\t\t\t<\/div>\n\t\t\t\t<\/div>\n\t\t\t\t\t<\/div>\n\t\t<\/div>\n\t\t\t\t<div class=\"elementor-column elementor-col-33 elementor-inner-column elementor-element elementor-element-d978b04\" data-id=\"d978b04\" data-element_type=\"column\">\n\t\t\t<div class=\"elementor-widget-wrap elementor-element-populated\">\n\t\t\t\t\t\t<div class=\"elementor-element elementor-element-41158f1 elementor-widget elementor-widget-heading\" data-id=\"41158f1\" data-element_type=\"widget\" data-widget_type=\"heading.default\">\n\t\t\t\t<div class=\"elementor-widget-container\">\n\t\t\t<h2 class=\"elementor-heading-title elementor-size-default\">Pagus Ancestrale 2018 \"fines bulles\"\n<br><\/h2>\t\t<\/div>\n\t\t\t\t<\/div>\n\t\t\t\t<div class=\"elementor-element elementor-element-bf94817 elementor-widget elementor-widget-text-editor\" data-id=\"bf94817\" data-element_type=\"widget\" data-widget_type=\"text-editor.default\">\n\t\t\t\t<div class=\"elementor-widget-container\">\n\t\t\t\t\t\t\t<p>Vin \u00e0 la mani\u00e8re d&rsquo;autrefois. P\u00e9tillant naturel, belle rondeur.<\/p><p><strong>\u00a0<\/strong><\/p>\t\t\t\t\t\t<\/div>\n\t\t\t\t<\/div>\n\t\t\t\t\t<\/div>\n\t\t<\/div>\n\t\t\t\t<div class=\"elementor-column elementor-col-33 elementor-inner-column elementor-element elementor-element-6e6cd50\" data-id=\"6e6cd50\" data-element_type=\"column\">\n\t\t\t<div class=\"elementor-widget-wrap elementor-element-populated\">\n\t\t\t\t\t\t<div class=\"elementor-element elementor-element-700ea5d elementor-widget elementor-widget-heading\" data-id=\"700ea5d\" data-element_type=\"widget\" data-widget_type=\"heading.default\">\n\t\t\t\t<div class=\"elementor-widget-container\">\n\t\t\t<h2 class=\"elementor-heading-title elementor-size-default\">17,50\u20ac<\/h2>\t\t<\/div>\n\t\t\t\t<\/div>\n\t\t\t\t\t<\/div>\n\t\t<\/div>\n\t\t\t\t\t<\/div>\n\t\t<\/section>\n\t\t\t\t<section class=\"elementor-section elementor-inner-section elementor-element elementor-element-1028db0 elementor-section-content-middle elementor-section-boxed elementor-section-height-default elementor-section-height-default\" data-id=\"1028db0\" data-element_type=\"section\">\n\t\t\t\t\t\t<div class=\"elementor-container elementor-column-gap-no\">\n\t\t\t\t\t<div class=\"elementor-column elementor-col-33 elementor-inner-column elementor-element elementor-element-3f5701b\" data-id=\"3f5701b\" data-element_type=\"column\">\n\t\t\t<div class=\"elementor-widget-wrap elementor-element-populated\">\n\t\t\t\t\t\t<div class=\"elementor-element elementor-element-57805ef elementor-widget elementor-widget-image\" data-id=\"57805ef\" data-element_type=\"widget\" data-widget_type=\"image.default\">\n\t\t\t\t<div class=\"elementor-widget-container\">\n\t\t\t\t\t\t\t\t\t\t\t\t\t<img decoding=\"async\" width=\"200\" height=\"200\" src=\"https:\/\/domainedevodanis.com\/vodanis\/wp-content\/uploads\/2019\/05\/pagus.png\" class=\"attachment-large size-large wp-image-613\" alt=\"\" srcset=\"https:\/\/domainedevodanis.com\/vodanis\/wp-content\/uploads\/2019\/05\/pagus.png 200w, https:\/\/domainedevodanis.com\/vodanis\/wp-content\/uploads\/2019\/05\/pagus-150x150.png 150w\" sizes=\"(max-width: 200px) 100vw, 200px\" \/>\t\t\t\t\t\t\t\t\t\t\t\t\t<\/div>\n\t\t\t\t<\/div>\n\t\t\t\t\t<\/div>\n\t\t<\/div>\n\t\t\t\t<div class=\"elementor-column elementor-col-33 elementor-inner-column elementor-element elementor-element-bf6347a\" data-id=\"bf6347a\" data-element_type=\"column\">\n\t\t\t<div class=\"elementor-widget-wrap elementor-element-populated\">\n\t\t\t\t\t\t<div class=\"elementor-element elementor-element-bd863aa elementor-widget elementor-widget-heading\" data-id=\"bd863aa\" data-element_type=\"widget\" data-widget_type=\"heading.default\">\n\t\t\t\t<div class=\"elementor-widget-container\">\n\t\t\t<h2 class=\"elementor-heading-title elementor-size-default\">Vouvray r\u00e9serve Pagus demi-sec 2014 \"nature\"<\/h2>\t\t<\/div>\n\t\t\t\t<\/div>\n\t\t\t\t<div class=\"elementor-element elementor-element-13d0562 elementor-widget elementor-widget-text-editor\" data-id=\"13d0562\" data-element_type=\"widget\" data-widget_type=\"text-editor.default\">\n\t\t\t\t<div class=\"elementor-widget-container\">\n\t\t\t\t\t\t\t<p>Vin d\u2019exception \u00e0 d\u00e9couvrir ! Nez fruit\u00e9<\/p>\t\t\t\t\t\t<\/div>\n\t\t\t\t<\/div>\n\t\t\t\t\t<\/div>\n\t\t<\/div>\n\t\t\t\t<div class=\"elementor-column elementor-col-33 elementor-inner-column elementor-element elementor-element-1ee1e56\" data-id=\"1ee1e56\" data-element_type=\"column\">\n\t\t\t<div class=\"elementor-widget-wrap elementor-element-populated\">\n\t\t\t\t\t\t<div class=\"elementor-element elementor-element-67e3cad elementor-widget elementor-widget-heading\" data-id=\"67e3cad\" data-element_type=\"widget\" data-widget_type=\"heading.default\">\n\t\t\t\t<div class=\"elementor-widget-container\">\n\t\t\t<h2 class=\"elementor-heading-title elementor-size-default\">17,50\u20ac<\/h2>\t\t<\/div>\n\t\t\t\t<\/div>\n\t\t\t\t\t<\/div>\n\t\t<\/div>\n\t\t\t\t\t<\/div>\n\t\t<\/section>\n\t\t\t\t<section class=\"elementor-section elementor-inner-section elementor-element elementor-element-d6426a7 elementor-section-content-middle elementor-section-boxed elementor-section-height-default elementor-section-height-default\" data-id=\"d6426a7\" data-element_type=\"section\">\n\t\t\t\t\t\t<div class=\"elementor-container elementor-column-gap-no\">\n\t\t\t\t\t<div class=\"elementor-column elementor-col-33 elementor-inner-column elementor-element elementor-element-11be59b\" data-id=\"11be59b\" data-element_type=\"column\">\n\t\t\t<div class=\"elementor-widget-wrap elementor-element-populated\">\n\t\t\t\t\t\t<div class=\"elementor-element elementor-element-f4b55f1 elementor-widget elementor-widget-image\" data-id=\"f4b55f1\" data-element_type=\"widget\" data-widget_type=\"image.default\">\n\t\t\t\t<div class=\"elementor-widget-container\">\n\t\t\t\t\t\t\t\t\t\t\t\t\t<img decoding=\"async\" width=\"200\" height=\"200\" src=\"https:\/\/domainedevodanis.com\/vodanis\/wp-content\/uploads\/2019\/05\/pagus.png\" class=\"attachment-large size-large wp-image-613\" alt=\"\" srcset=\"https:\/\/domainedevodanis.com\/vodanis\/wp-content\/uploads\/2019\/05\/pagus.png 200w, https:\/\/domainedevodanis.com\/vodanis\/wp-content\/uploads\/2019\/05\/pagus-150x150.png 150w\" sizes=\"(max-width: 200px) 100vw, 200px\" \/>\t\t\t\t\t\t\t\t\t\t\t\t\t<\/div>\n\t\t\t\t<\/div>\n\t\t\t\t\t<\/div>\n\t\t<\/div>\n\t\t\t\t<div class=\"elementor-column elementor-col-33 elementor-inner-column elementor-element elementor-element-fc169f9\" data-id=\"fc169f9\" data-element_type=\"column\">\n\t\t\t<div class=\"elementor-widget-wrap elementor-element-populated\">\n\t\t\t\t\t\t<div class=\"elementor-element elementor-element-7057c44 elementor-widget elementor-widget-heading\" data-id=\"7057c44\" data-element_type=\"widget\" data-widget_type=\"heading.default\">\n\t\t\t\t<div class=\"elementor-widget-container\">\n\t\t\t<h2 class=\"elementor-heading-title elementor-size-default\">Vouvray sec Pagus 2012 \"nature\"<\/h2>\t\t<\/div>\n\t\t\t\t<\/div>\n\t\t\t\t<div class=\"elementor-element elementor-element-c2628c2 elementor-widget elementor-widget-text-editor\" data-id=\"c2628c2\" data-element_type=\"widget\" data-widget_type=\"text-editor.default\">\n\t\t\t\t<div class=\"elementor-widget-container\">\n\t\t\t\t\t\t\t<p>Une se\u0301lection de plusieurs parcelles vinifie\u0301e et e\u0301leve\u0301e en barrique, se suffit a\u0300 lui-me\u0302me.<\/p>\t\t\t\t\t\t<\/div>\n\t\t\t\t<\/div>\n\t\t\t\t\t<\/div>\n\t\t<\/div>\n\t\t\t\t<div class=\"elementor-column elementor-col-33 elementor-inner-column elementor-element elementor-element-9c9dd8b\" data-id=\"9c9dd8b\" data-element_type=\"column\">\n\t\t\t<div class=\"elementor-widget-wrap elementor-element-populated\">\n\t\t\t\t\t\t<div class=\"elementor-element elementor-element-8143199 elementor-widget elementor-widget-heading\" data-id=\"8143199\" data-element_type=\"widget\" data-widget_type=\"heading.default\">\n\t\t\t\t<div class=\"elementor-widget-container\">\n\t\t\t<h2 class=\"elementor-heading-title elementor-size-default\">16,50\u20ac<\/h2>\t\t<\/div>\n\t\t\t\t<\/div>\n\t\t\t\t\t<\/div>\n\t\t<\/div>\n\t\t\t\t\t<\/div>\n\t\t<\/section>\n\t\t\t\t\t<\/div>\n\t\t<\/div>\n\t\t\t\t<div class=\"elementor-column elementor-col-50 elementor-top-column elementor-element elementor-element-1884120b\" data-id=\"1884120b\" data-element_type=\"column\">\n\t\t\t<div class=\"elementor-widget-wrap elementor-element-populated\">\n\t\t\t\t\t\t<div class=\"elementor-element elementor-element-465edef elementor-widget elementor-widget-image\" data-id=\"465edef\" data-element_type=\"widget\" data-widget_type=\"image.default\">\n\t\t\t\t<div class=\"elementor-widget-container\">\n\t\t\t\t\t\t\t\t\t\t\t\t\t<img fetchpriority=\"high\" decoding=\"async\" width=\"300\" height=\"225\" src=\"https:\/\/domainedevodanis.com\/vodanis\/wp-content\/uploads\/2019\/05\/contenu-cle-usb-salon-011-300x225.jpg\" class=\"attachment-medium size-medium wp-image-694\" alt=\"\" srcset=\"https:\/\/domainedevodanis.com\/vodanis\/wp-content\/uploads\/2019\/05\/contenu-cle-usb-salon-011-300x225.jpg 300w, https:\/\/domainedevodanis.com\/vodanis\/wp-content\/uploads\/2019\/05\/contenu-cle-usb-salon-011-768x576.jpg 768w, https:\/\/domainedevodanis.com\/vodanis\/wp-content\/uploads\/2019\/05\/contenu-cle-usb-salon-011.jpg 800w\" sizes=\"(max-width: 300px) 100vw, 300px\" \/>\t\t\t\t\t\t\t\t\t\t\t\t\t<\/div>\n\t\t\t\t<\/div>\n\t\t\t\t\t<\/div>\n\t\t<\/div>\n\t\t\t\t\t<\/div>\n\t\t<\/section>\n\t\t\t\t<\/div>\n\t\t","protected":false},"excerpt":{"rendered":"<p>A.O.C Vouvray 75 cl M\u00e9thode traditionnelle Pagus Ancestrale 2015 \u00ab\u00a0fines bulles\u00a0\u00bb Vin \u00e0 la mani\u00e8re d&rsquo;autrefois. P\u00e9tillant naturel. Excellente mise en bouche !\u00a0 M\u00e9daille d&rsquo;or Vignerons Ind\u00e9pendants 2023 18,50\u20ac Pagus Ancestrale 2018 \u00ab\u00a0fines bulles\u00a0\u00bb Vin \u00e0 la mani\u00e8re d&rsquo;autrefois. P\u00e9tillant naturel, belle rondeur. \u00a0 17,50\u20ac Vouvray r\u00e9serve Pagus demi-sec 2014 \u00ab\u00a0nature\u00a0\u00bb Vin d\u2019exception \u00e0 d\u00e9couvrir [&hellip;]<\/p>\n","protected":false},"author":1,"featured_media":0,"parent":0,"menu_order":0,"comment_status":"closed","ping_status":"closed","template":"","meta":{"footnotes":""},"class_list":["post-422","page","type-page","status-publish","hentry"],"_links":{"self":[{"href":"https:\/\/domainedevodanis.com\/vodanis\/index.php\/wp-json\/wp\/v2\/pages\/422","targetHints":{"allow":["GET"]}}],"collection":[{"href":"https:\/\/domainedevodanis.com\/vodanis\/index.php\/wp-json\/wp\/v2\/pages"}],"about":[{"href":"https:\/\/domainedevodanis.com\/vodanis\/index.php\/wp-json\/wp\/v2\/types\/page"}],"author":[{"embeddable":true,"href":"https:\/\/domainedevodanis.com\/vodanis\/index.php\/wp-json\/wp\/v2\/users\/1"}],"replies":[{"embeddable":true,"href":"https:\/\/domainedevodanis.com\/vodanis\/index.php\/wp-json\/wp\/v2\/comments?post=422"}],"version-history":[{"count":67,"href":"https:\/\/domainedevodanis.com\/vodanis\/index.php\/wp-json\/wp\/v2\/pages\/422\/revisions"}],"predecessor-version":[{"id":2105,"href":"https:\/\/domainedevodanis.com\/vodanis\/index.php\/wp-json\/wp\/v2\/pages\/422\/revisions\/2105"}],"wp:attachment":[{"href":"https:\/\/domainedevodanis.com\/vodanis\/index.php\/wp-json\/wp\/v2\/media?parent=422"}],"curies":[{"name":"wp","href":"https:\/\/api.w.org\/{rel}","templated":true}]}}