{"id":8,"date":"2018-09-17T04:06:34","date_gmt":"2018-09-17T02:06:34","guid":{"rendered":"https:\/\/white-rock-demo.progressionstudios.com\/?page_id=8"},"modified":"2026-03-04T16:44:30","modified_gmt":"2026-03-04T15:44:30","slug":"accueil","status":"publish","type":"page","link":"https:\/\/domainedevodanis.com\/vodanis\/","title":{"rendered":"Accueil"},"content":{"rendered":"\t\t<div data-elementor-type=\"wp-post\" data-elementor-id=\"8\" class=\"elementor elementor-8\">\n\t\t\t\t\t\t<section class=\"elementor-section elementor-top-section elementor-element elementor-element-43ce37f0 elementor-section-height-min-height elementor-section-full_width elementor-section-content-top elementor-section-height-default elementor-section-items-middle\" data-id=\"43ce37f0\" data-element_type=\"section\" data-settings=\"{&quot;background_background&quot;:&quot;slideshow&quot;,&quot;background_slideshow_gallery&quot;:[{&quot;id&quot;:1138,&quot;url&quot;:&quot;https:\\\/\\\/domainedevodanis.com\\\/vodanis\\\/wp-content\\\/uploads\\\/2019\\\/06\\\/Gamme-compl\\u00e8te.jpg&quot;},{&quot;id&quot;:1294,&quot;url&quot;:&quot;https:\\\/\\\/domainedevodanis.com\\\/vodanis\\\/wp-content\\\/uploads\\\/2019\\\/09\\\/2-Raisin-GP.jpg&quot;},{&quot;id&quot;:1298,&quot;url&quot;:&quot;https:\\\/\\\/domainedevodanis.com\\\/vodanis\\\/wp-content\\\/uploads\\\/2019\\\/09\\\/6-Raisin.jpg&quot;},{&quot;id&quot;:1139,&quot;url&quot;:&quot;https:\\\/\\\/domainedevodanis.com\\\/vodanis\\\/wp-content\\\/uploads\\\/2019\\\/06\\\/Pagus.jpg&quot;},{&quot;id&quot;:588,&quot;url&quot;:&quot;https:\\\/\\\/domainedevodanis.com\\\/vodanis\\\/wp-content\\\/uploads\\\/2019\\\/05\\\/contenu-cle-usb-salon-073.jpg&quot;},{&quot;id&quot;:1102,&quot;url&quot;:&quot;https:\\\/\\\/domainedevodanis.com\\\/vodanis\\\/wp-content\\\/uploads\\\/2019\\\/06\\\/francois-dans-la-vigne.jpg&quot;},{&quot;id&quot;:750,&quot;url&quot;:&quot;https:\\\/\\\/domainedevodanis.com\\\/vodanis\\\/wp-content\\\/uploads\\\/2019\\\/05\\\/Vigne-gros-plan-sucre-1.jpg&quot;},{&quot;id&quot;:1027,&quot;url&quot;:&quot;https:\\\/\\\/domainedevodanis.com\\\/vodanis\\\/wp-content\\\/uploads\\\/2019\\\/06\\\/5-bouteilles-recadr\\u00e9.jpg&quot;},{&quot;id&quot;:1295,&quot;url&quot;:&quot;https:\\\/\\\/domainedevodanis.com\\\/vodanis\\\/wp-content\\\/uploads\\\/2019\\\/09\\\/2a-Raisin-secateur.jpg&quot;}],&quot;background_slideshow_ken_burns_zoom_direction&quot;:&quot;out&quot;,&quot;background_slideshow_ken_burns&quot;:&quot;yes&quot;,&quot;background_slideshow_loop&quot;:&quot;yes&quot;,&quot;background_slideshow_slide_duration&quot;:5000,&quot;background_slideshow_slide_transition&quot;:&quot;fade&quot;,&quot;background_slideshow_transition_duration&quot;:500}\">\n\t\t\t\t\t\t<div class=\"elementor-container elementor-column-gap-no\">\n\t\t\t\t\t<div class=\"elementor-column elementor-col-100 elementor-top-column elementor-element elementor-element-46d6db24\" data-id=\"46d6db24\" data-element_type=\"column\">\n\t\t\t<div class=\"elementor-widget-wrap\">\n\t\t\t\t\t\t\t<\/div>\n\t\t<\/div>\n\t\t\t\t\t<\/div>\n\t\t<\/section>\n\t\t\t\t<section class=\"elementor-section elementor-top-section elementor-element elementor-element-688b831 elementor-section-boxed elementor-section-height-default elementor-section-height-default\" data-id=\"688b831\" data-element_type=\"section\">\n\t\t\t\t\t\t<div class=\"elementor-container elementor-column-gap-default\">\n\t\t\t\t\t<div class=\"elementor-column elementor-col-100 elementor-top-column elementor-element elementor-element-51b0988\" data-id=\"51b0988\" data-element_type=\"column\">\n\t\t\t<div class=\"elementor-widget-wrap elementor-element-populated\">\n\t\t\t\t\t\t<section class=\"elementor-section elementor-inner-section elementor-element elementor-element-503e0c9 elementor-section-boxed elementor-section-height-default elementor-section-height-default\" data-id=\"503e0c9\" data-element_type=\"section\">\n\t\t\t\t\t\t<div class=\"elementor-container elementor-column-gap-default\">\n\t\t\t\t\t<div class=\"elementor-column elementor-col-33 elementor-inner-column elementor-element elementor-element-93a65ed\" data-id=\"93a65ed\" data-element_type=\"column\">\n\t\t\t<div class=\"elementor-widget-wrap elementor-element-populated\">\n\t\t\t\t\t\t<div class=\"elementor-element elementor-element-1b55916 elementor-widget__width-initial elementor-widget elementor-widget-image\" data-id=\"1b55916\" data-element_type=\"widget\" data-widget_type=\"image.default\">\n\t\t\t\t<div class=\"elementor-widget-container\">\n\t\t\t\t\t\t\t\t\t\t\t\t\t<img fetchpriority=\"high\" decoding=\"async\" width=\"300\" height=\"300\" src=\"https:\/\/domainedevodanis.com\/vodanis\/wp-content\/uploads\/2024\/10\/Outlook-swzgibhg-300x300.jpg\" class=\"attachment-medium size-medium wp-image-1866\" alt=\"\" srcset=\"https:\/\/domainedevodanis.com\/vodanis\/wp-content\/uploads\/2024\/10\/Outlook-swzgibhg-300x300.jpg 300w, https:\/\/domainedevodanis.com\/vodanis\/wp-content\/uploads\/2024\/10\/Outlook-swzgibhg-1024x1024.jpg 1024w, https:\/\/domainedevodanis.com\/vodanis\/wp-content\/uploads\/2024\/10\/Outlook-swzgibhg-150x150.jpg 150w, https:\/\/domainedevodanis.com\/vodanis\/wp-content\/uploads\/2024\/10\/Outlook-swzgibhg-768x768.jpg 768w, https:\/\/domainedevodanis.com\/vodanis\/wp-content\/uploads\/2024\/10\/Outlook-swzgibhg.jpg 1181w\" sizes=\"(max-width: 300px) 100vw, 300px\" \/>\t\t\t\t\t\t\t\t\t\t\t\t\t<\/div>\n\t\t\t\t<\/div>\n\t\t\t\t\t<\/div>\n\t\t<\/div>\n\t\t\t\t<div class=\"elementor-column elementor-col-33 elementor-inner-column elementor-element elementor-element-27f12f8\" data-id=\"27f12f8\" data-element_type=\"column\">\n\t\t\t<div class=\"elementor-widget-wrap elementor-element-populated\">\n\t\t\t\t\t\t<div class=\"elementor-element elementor-element-7ba75b5 elementor-widget elementor-widget-video\" data-id=\"7ba75b5\" data-element_type=\"widget\" data-settings=\"{&quot;video_type&quot;:&quot;hosted&quot;,&quot;controls&quot;:&quot;yes&quot;}\" data-widget_type=\"video.default\">\n\t\t\t\t<div class=\"elementor-widget-container\">\n\t\t\t\t\t<div class=\"e-hosted-video elementor-wrapper elementor-open-inline\">\n\t\t\t\t\t<video class=\"elementor-video\" src=\"https:\/\/domainedevodanis.com\/vodanis\/wp-content\/uploads\/2019\/11\/DomaineVodanis-Presentation-WebNov2019.mp4\" controls=\"\" preload=\"auto\" controlsList=\"nodownload\" poster=\"https:\/\/domainedevodanis.com\/vodanis\/wp-content\/uploads\/2019\/06\/Affiche.png\"><\/video>\n\t\t\t\t<\/div>\n\t\t\t\t<\/div>\n\t\t\t\t<\/div>\n\t\t\t\t\t<\/div>\n\t\t<\/div>\n\t\t\t\t<div class=\"elementor-column elementor-col-33 elementor-inner-column elementor-element elementor-element-1036b3f\" data-id=\"1036b3f\" data-element_type=\"column\">\n\t\t\t<div class=\"elementor-widget-wrap elementor-element-populated\">\n\t\t\t\t\t\t<div class=\"elementor-element elementor-element-bb74129 elementor-widget elementor-widget-image\" data-id=\"bb74129\" data-element_type=\"widget\" data-widget_type=\"image.default\">\n\t\t\t\t<div class=\"elementor-widget-container\">\n\t\t\t\t\t\t\t\t\t\t\t\t\t<img decoding=\"async\" width=\"141\" height=\"198\" src=\"https:\/\/domainedevodanis.com\/vodanis\/wp-content\/uploads\/2024\/10\/logo-vigneron-indep.png\" class=\"attachment-medium size-medium wp-image-1865\" alt=\"\" \/>\t\t\t\t\t\t\t\t\t\t\t\t\t<\/div>\n\t\t\t\t<\/div>\n\t\t\t\t\t<\/div>\n\t\t<\/div>\n\t\t\t\t\t<\/div>\n\t\t<\/section>\n\t\t\t\t<div class=\"elementor-element elementor-element-f133179 elementor-widget elementor-widget-text-editor\" data-id=\"f133179\" data-element_type=\"widget\" data-widget_type=\"text-editor.default\">\n\t\t\t\t<div class=\"elementor-widget-container\">\n\t\t\t\t\t\t\t<h2 style=\"text-align: center;\"><strong>Retrouvez-nous sur les salons des vignerons ind\u00e9pendants <\/strong><\/h2><h2 style=\"text-align: center;\"><strong>en cliquant <a href=\"https:\/\/domainedevodanis.com\/vodanis\/index.php\/salons\/\"><span style=\"color: #ff9900;\">ICI<\/span><\/a><\/strong><\/h2>\t\t\t\t\t\t<\/div>\n\t\t\t\t<\/div>\n\t\t\t\t<div class=\"elementor-element elementor-element-0462c34 elementor-widget elementor-widget-text-editor\" data-id=\"0462c34\" data-element_type=\"widget\" data-widget_type=\"text-editor.default\">\n\t\t\t\t<div class=\"elementor-widget-container\">\n\t\t\t\t\t\t\t<h2 style=\"text-align: center;\"><strong><a href=\"https:\/\/domainedevodanis.com\/vodanis\/wp-content\/uploads\/2026\/03\/bon-de-commande-2026.pdf\">\u00a0=&gt; T\u00e9l\u00e9chargez notre bon de commande\u00a0 !<\/a><\/strong><\/h2>\t\t\t\t\t\t<\/div>\n\t\t\t\t<\/div>\n\t\t\t\t\t<\/div>\n\t\t<\/div>\n\t\t\t\t\t<\/div>\n\t\t<\/section>\n\t\t\t\t<section class=\"elementor-section elementor-top-section elementor-element elementor-element-5eb45f4c elementor-section-boxed elementor-section-height-default elementor-section-height-default\" data-id=\"5eb45f4c\" data-element_type=\"section\">\n\t\t\t\t\t\t<div class=\"elementor-container elementor-column-gap-default\">\n\t\t\t\t\t<div class=\"elementor-column elementor-col-33 elementor-top-column elementor-element elementor-element-127a3272\" data-id=\"127a3272\" data-element_type=\"column\">\n\t\t\t<div class=\"elementor-widget-wrap elementor-element-populated\">\n\t\t\t\t\t\t<div class=\"elementor-element elementor-element-1276a983 elementor-widget elementor-widget-heading\" data-id=\"1276a983\" data-element_type=\"widget\" data-widget_type=\"heading.default\">\n\t\t\t\t<div class=\"elementor-widget-container\">\n\t\t\t<h2 class=\"elementor-heading-title elementor-size-default\">Bienvenue<\/h2>\t\t<\/div>\n\t\t\t\t<\/div>\n\t\t\t\t<div class=\"elementor-element elementor-element-4a81f138 elementor-widget elementor-widget-image\" data-id=\"4a81f138\" data-element_type=\"widget\" data-widget_type=\"image.default\">\n\t\t\t\t<div class=\"elementor-widget-container\">\n\t\t\t\t\t\t\t\t\t\t\t\t\t\t<a href=\"https:\/\/domainedevodanis.com\/vodanis\/index.php\/domaine-de-vodanis\">\n\t\t\t\t\t\t\t<img decoding=\"async\" src=\"https:\/\/domainedevodanis.com\/vodanis\/wp-content\/uploads\/elementor\/thumbs\/Entr\u00e9e-Domaine-oabdtrwg8ewxnx4vpf1531e1lquifdo0tjwaeks0vk.jpg\" title=\"Entr\u00e9e Domaine\" alt=\"Entr\u00e9e Domaine\" loading=\"lazy\" \/>\t\t\t\t\t\t\t\t<\/a>\n\t\t\t\t\t\t\t\t\t\t\t\t\t<\/div>\n\t\t\t\t<\/div>\n\t\t\t\t<div class=\"elementor-element elementor-element-2f56aa8b elementor-widget elementor-widget-text-editor\" data-id=\"2f56aa8b\" data-element_type=\"widget\" data-widget_type=\"text-editor.default\">\n\t\t\t\t<div class=\"elementor-widget-container\">\n\t\t\t\t\t\t\t<p>Le domaine de vodanis , vigneron ind\u00e9pendant, cultive ses vignes dans le respect d&rsquo;autrefois. D\u00e8s St Martin au IV\u00e8me si\u00e8cle, les terres &#8230;<\/p>\t\t\t\t\t\t<\/div>\n\t\t\t\t<\/div>\n\t\t\t\t<div class=\"elementor-element elementor-element-2ab39a52 elementor-align-left elementor-widget elementor-widget-button\" data-id=\"2ab39a52\" data-element_type=\"widget\" data-widget_type=\"button.default\">\n\t\t\t\t<div class=\"elementor-widget-container\">\n\t\t\t\t\t\t\t<div class=\"elementor-button-wrapper\">\n\t\t\t\t\t<a class=\"elementor-button elementor-button-link elementor-size-sm\" href=\"https:\/\/domainedevodanis.com\/vodanis\/index.php\/domaine-de-vodanis\">\n\t\t\t\t\t\t<span class=\"elementor-button-content-wrapper\">\n\t\t\t\t\t\t\t\t\t<span class=\"elementor-button-text\">En savoir plus ?<\/span>\n\t\t\t\t\t<\/span>\n\t\t\t\t\t<\/a>\n\t\t\t\t<\/div>\n\t\t\t\t\t\t<\/div>\n\t\t\t\t<\/div>\n\t\t\t\t\t<\/div>\n\t\t<\/div>\n\t\t\t\t<div class=\"elementor-column elementor-col-33 elementor-top-column elementor-element elementor-element-3e257637\" data-id=\"3e257637\" data-element_type=\"column\">\n\t\t\t<div class=\"elementor-widget-wrap elementor-element-populated\">\n\t\t\t\t\t\t<div class=\"elementor-element elementor-element-69333e7 elementor-widget elementor-widget-heading\" data-id=\"69333e7\" data-element_type=\"widget\" data-widget_type=\"heading.default\">\n\t\t\t\t<div class=\"elementor-widget-container\">\n\t\t\t<h2 class=\"elementor-heading-title elementor-size-default\">Votre visite<\/h2>\t\t<\/div>\n\t\t\t\t<\/div>\n\t\t\t\t<div class=\"elementor-element elementor-element-3f93c392 elementor-widget elementor-widget-image\" data-id=\"3f93c392\" data-element_type=\"widget\" data-widget_type=\"image.default\">\n\t\t\t\t<div class=\"elementor-widget-container\">\n\t\t\t\t\t\t\t\t\t\t\t\t\t\t<a href=\"https:\/\/domainedevodanis.com\/vodanis\/index.php\/contactez-nous\">\n\t\t\t\t\t\t\t<img decoding=\"async\" width=\"768\" height=\"576\" src=\"https:\/\/domainedevodanis.com\/vodanis\/wp-content\/uploads\/2019\/06\/francois-dans-la-vigne-768x576.jpg\" class=\"attachment-medium_large size-medium_large wp-image-1102\" alt=\"\" srcset=\"https:\/\/domainedevodanis.com\/vodanis\/wp-content\/uploads\/2019\/06\/francois-dans-la-vigne-768x576.jpg 768w, https:\/\/domainedevodanis.com\/vodanis\/wp-content\/uploads\/2019\/06\/francois-dans-la-vigne-300x225.jpg 300w, https:\/\/domainedevodanis.com\/vodanis\/wp-content\/uploads\/2019\/06\/francois-dans-la-vigne.jpg 800w\" sizes=\"(max-width: 768px) 100vw, 768px\" \/>\t\t\t\t\t\t\t\t<\/a>\n\t\t\t\t\t\t\t\t\t\t\t\t\t<\/div>\n\t\t\t\t<\/div>\n\t\t\t\t<div class=\"elementor-element elementor-element-32199646 elementor-widget elementor-widget-button\" data-id=\"32199646\" data-element_type=\"widget\" data-widget_type=\"button.default\">\n\t\t\t\t<div class=\"elementor-widget-container\">\n\t\t\t\t\t\t\t<div class=\"elementor-button-wrapper\">\n\t\t\t\t\t<a class=\"elementor-button elementor-button-link elementor-size-sm\" href=\"https:\/\/domainedevodanis.com\/vodanis\/index.php\/contactez-nous\">\n\t\t\t\t\t\t<span class=\"elementor-button-content-wrapper\">\n\t\t\t\t\t\t\t\t\t<span class=\"elementor-button-text\">R\u00e9servez votre visite <\/span>\n\t\t\t\t\t<\/span>\n\t\t\t\t\t<\/a>\n\t\t\t\t<\/div>\n\t\t\t\t\t\t<\/div>\n\t\t\t\t<\/div>\n\t\t\t\t<div class=\"elementor-element elementor-element-2ed30a0e elementor-widget elementor-widget-text-editor\" data-id=\"2ed30a0e\" data-element_type=\"widget\" data-widget_type=\"text-editor.default\">\n\t\t\t\t<div class=\"elementor-widget-container\">\n\t\t\t\t\t\t\t<p>Nous vous accueillons avec plaisir toute l&rsquo;ann\u00e9e du<\/p><p>lundi au vendredi de 9h \u00e0 12h et de 14h \u00e0 19h.<\/p><p>Le samedi de 10h \u00e0 12h et de 14h \u00e0 19h.<\/p><p>\u00a0Ferm\u00e9 dimanche et jours f\u00e9ri\u00e9s<\/p>\t\t\t\t\t\t<\/div>\n\t\t\t\t<\/div>\n\t\t\t\t\t<\/div>\n\t\t<\/div>\n\t\t\t\t<div class=\"elementor-column elementor-col-33 elementor-top-column elementor-element elementor-element-1b39197e\" data-id=\"1b39197e\" data-element_type=\"column\">\n\t\t\t<div class=\"elementor-widget-wrap elementor-element-populated\">\n\t\t\t\t\t\t<div class=\"elementor-element elementor-element-5767ad66 elementor-widget elementor-widget-heading\" data-id=\"5767ad66\" data-element_type=\"widget\" data-widget_type=\"heading.default\">\n\t\t\t\t<div class=\"elementor-widget-container\">\n\t\t\t<h2 class=\"elementor-heading-title elementor-size-default\">La cave de Vodanis<\/h2>\t\t<\/div>\n\t\t\t\t<\/div>\n\t\t\t\t<div class=\"elementor-element elementor-element-1ec8ee84 elementor-widget elementor-widget-image\" data-id=\"1ec8ee84\" data-element_type=\"widget\" data-widget_type=\"image.default\">\n\t\t\t\t<div class=\"elementor-widget-container\">\n\t\t\t\t\t\t\t\t\t\t\t\t\t\t<a href=\"https:\/\/domainedevodanis.com\/vodanis\/index.php\/nos-produits\">\n\t\t\t\t\t\t\t<img loading=\"lazy\" decoding=\"async\" width=\"1200\" height=\"600\" src=\"https:\/\/domainedevodanis.com\/vodanis\/wp-content\/uploads\/2019\/05\/vinif-barriques-1-1200x600.jpg\" class=\"attachment-progression-studios-single-portfolio size-progression-studios-single-portfolio wp-image-865\" alt=\"\" srcset=\"https:\/\/domainedevodanis.com\/vodanis\/wp-content\/uploads\/2019\/05\/vinif-barriques-1-1200x600.jpg 1200w, https:\/\/domainedevodanis.com\/vodanis\/wp-content\/uploads\/2019\/05\/vinif-barriques-1-900x450.jpg 900w\" sizes=\"(max-width: 1200px) 100vw, 1200px\" \/>\t\t\t\t\t\t\t\t<\/a>\n\t\t\t\t\t\t\t\t\t\t\t\t\t<\/div>\n\t\t\t\t<\/div>\n\t\t\t\t<div class=\"elementor-element elementor-element-5b9a82fd elementor-widget elementor-widget-text-editor\" data-id=\"5b9a82fd\" data-element_type=\"widget\" data-widget_type=\"text-editor.default\">\n\t\t\t\t<div class=\"elementor-widget-container\">\n\t\t\t\t\t\t\t<p>Notre gamme Vouvray, c\u00e9page Chenin, vous propose les grands crus \u00ab\u00a0fines bulles\u00a0\u00bb et \u00ab\u00a0nature\u00a0\u00bb, qui vous accompagneront tout au long de votre repas, allant d&rsquo;un vin min\u00e9ral et fruit\u00e9 aux fruits confits.<\/p>\t\t\t\t\t\t<\/div>\n\t\t\t\t<\/div>\n\t\t\t\t<div class=\"elementor-element elementor-element-1e2ed270 elementor-widget elementor-widget-button\" data-id=\"1e2ed270\" data-element_type=\"widget\" data-widget_type=\"button.default\">\n\t\t\t\t<div class=\"elementor-widget-container\">\n\t\t\t\t\t\t\t<div class=\"elementor-button-wrapper\">\n\t\t\t\t\t<a class=\"elementor-button elementor-button-link elementor-size-sm\" href=\"https:\/\/domainedevodanis.com\/vodanis\/index.php\/nos-produits\">\n\t\t\t\t\t\t<span class=\"elementor-button-content-wrapper\">\n\t\t\t\t\t\t\t\t\t<span class=\"elementor-button-text\">D\u00e9couvrez nos produits<\/span>\n\t\t\t\t\t<\/span>\n\t\t\t\t\t<\/a>\n\t\t\t\t<\/div>\n\t\t\t\t\t\t<\/div>\n\t\t\t\t<\/div>\n\t\t\t\t\t<\/div>\n\t\t<\/div>\n\t\t\t\t\t<\/div>\n\t\t<\/section>\n\t\t\t\t<\/div>\n\t\t","protected":false},"excerpt":{"rendered":"<p>https:\/\/domainedevodanis.com\/vodanis\/wp-content\/uploads\/2019\/11\/DomaineVodanis-Presentation-WebNov2019.mp4 Retrouvez-nous sur les salons des vignerons ind\u00e9pendants en cliquant ICI \u00a0=&gt; T\u00e9l\u00e9chargez notre bon de commande\u00a0 ! Bienvenue Le domaine de vodanis , vigneron ind\u00e9pendant, cultive ses vignes dans le respect d&rsquo;autrefois. D\u00e8s St Martin au IV\u00e8me si\u00e8cle, les terres &#8230; En savoir plus ? Votre visite R\u00e9servez votre visite Nous vous accueillons avec [&hellip;]<\/p>\n","protected":false},"author":1,"featured_media":0,"parent":0,"menu_order":0,"comment_status":"closed","ping_status":"closed","template":"","meta":{"footnotes":""},"class_list":["post-8","page","type-page","status-publish","hentry"],"_links":{"self":[{"href":"https:\/\/domainedevodanis.com\/vodanis\/index.php\/wp-json\/wp\/v2\/pages\/8","targetHints":{"allow":["GET"]}}],"collection":[{"href":"https:\/\/domainedevodanis.com\/vodanis\/index.php\/wp-json\/wp\/v2\/pages"}],"about":[{"href":"https:\/\/domainedevodanis.com\/vodanis\/index.php\/wp-json\/wp\/v2\/types\/page"}],"author":[{"embeddable":true,"href":"https:\/\/domainedevodanis.com\/vodanis\/index.php\/wp-json\/wp\/v2\/users\/1"}],"replies":[{"embeddable":true,"href":"https:\/\/domainedevodanis.com\/vodanis\/index.php\/wp-json\/wp\/v2\/comments?post=8"}],"version-history":[{"count":211,"href":"https:\/\/domainedevodanis.com\/vodanis\/index.php\/wp-json\/wp\/v2\/pages\/8\/revisions"}],"predecessor-version":[{"id":2421,"href":"https:\/\/domainedevodanis.com\/vodanis\/index.php\/wp-json\/wp\/v2\/pages\/8\/revisions\/2421"}],"wp:attachment":[{"href":"https:\/\/domainedevodanis.com\/vodanis\/index.php\/wp-json\/wp\/v2\/media?parent=8"}],"curies":[{"name":"wp","href":"https:\/\/api.w.org\/{rel}","templated":true}]}}